{"id":11676,"date":"2016-02-23T19:29:37","date_gmt":"2016-02-23T19:29:37","guid":{"rendered":"http:\/\/arbeitsrecht-hernichel.com\/?page_id=11676"},"modified":"2017-11-30T19:18:12","modified_gmt":"2017-11-30T17:18:12","slug":"service","status":"publish","type":"page","link":"http:\/\/arbeitsrecht-hernichel.com\/?page_id=11676","title":{"rendered":"Service (Arbeitnehmer)"},"content":{"rendered":"<p><div  class=\"fusion-fullwidth fullwidth-box hundred-percent-fullwidth\"  style='background-color: rgba(255,255,255,0);background-position: center center;background-repeat: no-repeat;padding-top:0px;padding-right:0px;padding-bottom:0px;padding-left:0px;margin-bottom: 25px;margin-top: 25px;'><div class=\"fusion-builder-row fusion-row \"><div  class=\"fusion-layout-column fusion_builder_column fusion_builder_column_1_1  fusion-one-full fusion-column-first fusion-column-last fusion-column-no-min-height 1_1\"  style='margin-top:0px;margin-bottom:0px;'>\n\t\t\t<div class=\"fusion-column-wrapper\" style=\"background-position:left top;background-repeat:no-repeat;-webkit-background-size:cover;-moz-background-size:cover;-o-background-size:cover;background-size:cover;\"  data-bg-url=\"\">\n\t\t\t\t<div class=\"fusion-sep-clear\"><\/div><div class=\"fusion-separator fusion-full-width-sep sep-none\" style=\"margin-left: auto;margin-right: auto;margin-top:;\"><\/div><div class=\"fusion-clearfix\"><\/div>\n\n\t\t\t<\/div>\n\t\t<\/div><\/div><\/div><div  class=\"fusion-fullwidth fullwidth-box hundred-percent-fullwidth\"  style='background-color: rgba(255,255,255,0);background-position: center center;background-repeat: no-repeat;padding-top:0px;padding-right:0px;padding-bottom:0px;padding-left:0px;'><div class=\"fusion-builder-row fusion-row \"><div  class=\"fusion-layout-column fusion_builder_column fusion_builder_column_2_3  fusion-two-third fusion-column-first 2_3\"  style='margin-top:0px;margin-bottom:20px;width:65.3333%; margin-right: 4%;'>\n\t\t\t<div class=\"fusion-column-wrapper\" style=\"background-position:left top;background-repeat:no-repeat;-webkit-background-size:cover;-moz-background-size:cover;-o-background-size:cover;background-size:cover;\"  data-bg-url=\"\">\n\t\t\t\t<div class=\"fusion-title title fusion-title-size-two\" style=\"margin-top:0px;margin-bottom:31px;\"><h2 class=\"title-heading-left\">Unser erstes Gespr\u00e4ch<\/h2><div class=\"title-sep-container\"><div class=\"title-sep sep-double\"><\/div><\/div><\/div><p>Nachfolgend finden Sie einige n\u00fctzliche Unterlagen und Informationen. Sie dienen im Wesentlichen zur Vorbereitung des ersten Beratungsgespr\u00e4chs. Mit dem Mandantenfragebogen werden Informationen abgefragt, die im Regelfall vom Anwalt ben\u00f6tigt werden. Bitte f\u00fcllen Sie ihn, soweit m\u00f6glich, aus und bringen Sie ihn zusammen mit den unten aufgelisteten Unterlagen f\u00fcr ein erstes Beratungsgespr\u00e4ch zum Termin mit. Wir f\u00fchren unsere Akten elektronisch. Daher k\u00f6nnen Sie uns die Unterlagen gerne auch vorab per Email zukommen lassen.<\/p>\n<div class=\"fusion-clearfix\"><\/div>\n\n\t\t\t<\/div>\n\t\t<\/div><div  class=\"fusion-layout-column fusion_builder_column fusion_builder_column_1_3  fusion-one-third fusion-column-last 1_3\"  style='margin-top:0px;margin-bottom:20px;width:30.6666%'>\n\t\t\t<div class=\"fusion-column-wrapper\" style=\"background-position:left top;background-repeat:no-repeat;-webkit-background-size:cover;-moz-background-size:cover;-o-background-size:cover;background-size:cover;\"  data-bg-url=\"\">\n\t\t\t\t<div class=\"fusion-title title fusion-title-size-two\" style=\"margin-top:0px;margin-bottom:31px;\"><h2 class=\"title-heading-left\">Unterlagen zum Download<\/h2><div class=\"title-sep-container\"><div class=\"title-sep sep-double\"><\/div><\/div><\/div><ul class=\"fusion-checklist fusion-checklist-1\" style=\"font-size:13px;line-height:22.1px;\"><li class=\"fusion-li-item\"><span style=\"height:22.1px;width:22.1px;margin-right:9.1px;\" class=\"icon-wrapper circle-no\"><i class=\"fusion-li-icon fa fa-chevron-circle-right\" style=\"color:#dd9933;\"><\/i><\/span><div class=\"fusion-li-item-content\" style=\"margin-left:31.2px;\">\n<p><a href=\"http:\/\/arbeitsrecht-hernichel.com\/wp-content\/uploads\/2017\/11\/Mandantenfragebogen021117.pdf\" target=\"_blank\">Mandantenfragebogen<\/a><\/p>\n<\/div><\/li><li class=\"fusion-li-item\"><span style=\"height:22.1px;width:22.1px;margin-right:9.1px;\" class=\"icon-wrapper circle-no\"><i class=\"fusion-li-icon fa fa-chevron-circle-right\" style=\"color:#dd9933;\"><\/i><\/span><div class=\"fusion-li-item-content\" style=\"margin-left:31.2px;\">\n<p><a href=\"http:\/\/arbeitsrecht-hernichel.com\/wp-content\/uploads\/2017\/11\/Vollmacht021117.pdf\" target=\"_blank\">Vollmacht<\/a><\/p>\n<\/div><\/li><li class=\"fusion-li-item\"><span style=\"height:22.1px;width:22.1px;margin-right:9.1px;\" class=\"icon-wrapper circle-no\"><i class=\"fusion-li-icon fa fa-chevron-circle-right\" style=\"color:#dd9933;\"><\/i><\/span><div class=\"fusion-li-item-content\" style=\"margin-left:31.2px;\">\n<p><a href=\"http:\/\/arbeitsrecht-hernichel.com\/wp-content\/uploads\/2017\/11\/Kostentragung021117.pdf\" target=\"_blank\">Honorar<\/a><\/p>\n<\/div><\/li><li class=\"fusion-li-item\"><span style=\"height:22.1px;width:22.1px;margin-right:9.1px;\" class=\"icon-wrapper circle-no\"><i class=\"fusion-li-icon fa fa-chevron-circle-right\" style=\"color:#dd9933;\"><\/i><\/span><div class=\"fusion-li-item-content\" style=\"margin-left:31.2px;\">\n<p><a href=\"http:\/\/arbeitsrecht-hernichel.com\/wp-content\/uploads\/2017\/11\/Ablauf_vor_AG021117.pdf\" target=\"_blank\">Ablauf Gerichtsverfahren<\/a><\/p>\n<\/div><\/li><li class=\"fusion-li-item\"><span style=\"height:22.1px;width:22.1px;margin-right:9.1px;\" class=\"icon-wrapper circle-no\"><i class=\"fusion-li-icon fa fa-chevron-circle-right\" style=\"color:#dd9933;\"><\/i><\/span><div class=\"fusion-li-item-content\" style=\"margin-left:31.2px;\">\n<p><a href=\"http:\/\/arbeitsrecht-hernichel.com\/wp-content\/uploads\/2017\/11\/Unterlagen-erstesBeratungsgespra\u0308ch021117.pdf\" target=\"_blank\">Unterlagen f\u00fcr ein erstes Beratungsgespr\u00e4ch<\/a><\/p>\n<\/div><\/li><\/ul><div class=\"fusion-clearfix\"><\/div>\n\n\t\t\t<\/div>\n\t\t<\/div><div  class=\"fusion-layout-column fusion_builder_column fusion_builder_column_1_1  fusion-one-full fusion-column-first fusion-column-last fusion-column-no-min-height 1_1\"  style='margin-top:0px;margin-bottom:0px;'>\n\t\t\t<div class=\"fusion-column-wrapper\" style=\"background-position:left top;background-repeat:no-repeat;-webkit-background-size:cover;-moz-background-size:cover;-o-background-size:cover;background-size:cover;\"  data-bg-url=\"\">\n\t\t\t\t<div class=\"fusion-sep-clear\"><\/div><div class=\"fusion-separator fusion-full-width-sep sep-none\" style=\"margin-left: auto;margin-right: auto;margin-top:20px;margin-bottom:20px;\"><\/div><div class=\"fusion-clearfix\"><\/div>\n\n\t\t\t<\/div>\n\t\t<\/div><div  class=\"fusion-layout-column fusion_builder_column fusion_builder_column_1_3  fusion-one-third fusion-column-first 1_3\"  style='margin-top:0px;margin-bottom:20px;width:30.6666%; margin-right: 4%;'>\n\t\t\t<div class=\"fusion-column-wrapper\" style=\"background-position:left top;background-repeat:no-repeat;-webkit-background-size:cover;-moz-background-size:cover;-o-background-size:cover;background-size:cover;\"  data-bg-url=\"\">\n\t\t\t\t<p><a href=\"http:\/\/arbeitsrecht-hernichel.com\/wp-content\/uploads\/2017\/11\/Unterlagen-erstesBeratungsgespra\u0308ch021117.pdf\" target=\"_blank\"><img decoding=\"async\" loading=\"lazy\" class=\"alignnone wp-image-11973 size-full\" src=\"http:\/\/arbeitsrecht-hernichel.com\/wp-content\/uploads\/2016\/02\/01_Unterlagen_Beratungsgespr\u00e4ch.jpeg\" alt=\"01_Unterlagen_Beratungsgespr\u00e4ch\" width=\"437\" height=\"248\" srcset=\"http:\/\/arbeitsrecht-hernichel.com\/wp-content\/uploads\/2016\/02\/01_Unterlagen_Beratungsgespr\u00e4ch-200x114.jpeg 200w, http:\/\/arbeitsrecht-hernichel.com\/wp-content\/uploads\/2016\/02\/01_Unterlagen_Beratungsgespr\u00e4ch-300x170.jpeg 300w, http:\/\/arbeitsrecht-hernichel.com\/wp-content\/uploads\/2016\/02\/01_Unterlagen_Beratungsgespr\u00e4ch-400x227.jpeg 400w, http:\/\/arbeitsrecht-hernichel.com\/wp-content\/uploads\/2016\/02\/01_Unterlagen_Beratungsgespr\u00e4ch.jpeg 437w\" sizes=\"(max-width: 437px) 100vw, 437px\" \/><\/a><\/p>\n<h2>Unterlagen Beratungsgespr\u00e4ch<\/h2>\n<p>Hier finden Sie die Unterlagen, die Sie zu einem Beratungsgespr\u00e4ch nach M\u00f6glichkeiten mitbringen sollten. Sofern einzelne der genannten Unterlagen aktuell nicht zur Verf\u00fcgung stehen, k\u00f6nnen Sie selbstverst\u00e4ndlich auch nachgereicht werden.<\/p>\n<div class=\"fusion-clearfix\"><\/div>\n\n\t\t\t<\/div>\n\t\t<\/div><div  class=\"fusion-layout-column fusion_builder_column fusion_builder_column_1_3  fusion-one-third 1_3\"  style='margin-top:0px;margin-bottom:20px;width:30.6666%; margin-right: 4%;'>\n\t\t\t<div class=\"fusion-column-wrapper\" style=\"background-position:left top;background-repeat:no-repeat;-webkit-background-size:cover;-moz-background-size:cover;-o-background-size:cover;background-size:cover;\"  data-bg-url=\"\">\n\t\t\t\t<p class=\"alignnone\"><a href=\"http:\/\/arbeitsrecht-hernichel.com\/wp-content\/uploads\/2017\/11\/Mandantenfragebogen021117.pdf\" target=\"_blank\"><img decoding=\"async\" loading=\"lazy\" class=\"alignnone wp-image-12296 size-full\" src=\"http:\/\/arbeitsrecht-hernichel.com\/wp-content\/uploads\/2017\/11\/Bild-Mandantenbogen.jpg\" width=\"437\" height=\"248\" srcset=\"http:\/\/arbeitsrecht-hernichel.com\/wp-content\/uploads\/2017\/11\/Bild-Mandantenbogen-200x114.jpg 200w, http:\/\/arbeitsrecht-hernichel.com\/wp-content\/uploads\/2017\/11\/Bild-Mandantenbogen-300x170.jpg 300w, http:\/\/arbeitsrecht-hernichel.com\/wp-content\/uploads\/2017\/11\/Bild-Mandantenbogen-400x227.jpg 400w, http:\/\/arbeitsrecht-hernichel.com\/wp-content\/uploads\/2017\/11\/Bild-Mandantenbogen.jpg 437w\" sizes=\"(max-width: 437px) 100vw, 437px\" \/><\/a><\/p>\n<h2>Mandantenfragebogen<\/h2>\n<p>Bitte f\u00fcllen Sie den Mandantenfragebogen aus, soweit Ihnen das m\u00f6glich ist. Soweit Sie keine Angaben machen k\u00f6nnen, lassen Sie die Felder bitte einfach frei.<\/p>\n<div class=\"fusion-clearfix\"><\/div>\n\n\t\t\t<\/div>\n\t\t<\/div><div  class=\"fusion-layout-column fusion_builder_column fusion_builder_column_1_3  fusion-one-third fusion-column-last 1_3\"  style='margin-top:0px;margin-bottom:20px;width:30.6666%'>\n\t\t\t<div class=\"fusion-column-wrapper\" style=\"background-position:left top;background-repeat:no-repeat;-webkit-background-size:cover;-moz-background-size:cover;-o-background-size:cover;background-size:cover;\"  data-bg-url=\"\">\n\t\t\t\t<p><a href=\"http:\/\/arbeitsrecht-hernichel.com\/wp-content\/uploads\/2017\/11\/Vollmacht021117.pdf\" target=\"_blank\"><img decoding=\"async\" loading=\"lazy\" class=\"alignnone wp-image-12298 size-full\" src=\"http:\/\/arbeitsrecht-hernichel.com\/wp-content\/uploads\/2017\/11\/Bild-Vollmacht.jpg\" width=\"437\" height=\"248\" srcset=\"http:\/\/arbeitsrecht-hernichel.com\/wp-content\/uploads\/2017\/11\/Bild-Vollmacht-200x114.jpg 200w, http:\/\/arbeitsrecht-hernichel.com\/wp-content\/uploads\/2017\/11\/Bild-Vollmacht-300x170.jpg 300w, http:\/\/arbeitsrecht-hernichel.com\/wp-content\/uploads\/2017\/11\/Bild-Vollmacht-400x227.jpg 400w, http:\/\/arbeitsrecht-hernichel.com\/wp-content\/uploads\/2017\/11\/Bild-Vollmacht.jpg 437w\" sizes=\"(max-width: 437px) 100vw, 437px\" \/><\/a><\/p>\n<h2>Vollmacht<\/h2>\n<p>Bitte drucken Sie im Bedarfsfall die Vollmacht aus, erg\u00e4nzen Sie Datum und Unterschrift und lassen Sie mir die Vollmacht dann zukommen.<\/p>\n<div class=\"fusion-clearfix\"><\/div>\n\n\t\t\t<\/div>\n\t\t<\/div><\/div><\/div><\/p>\n","protected":false},"excerpt":{"rendered":"","protected":false},"author":1,"featured_media":0,"parent":0,"menu_order":0,"comment_status":"closed","ping_status":"closed","template":"","meta":[],"yoast_head":"<!-- This site is optimized with the Yoast SEO plugin v19.14 - https:\/\/yoast.com\/wordpress\/plugins\/seo\/ -->\n<title>Service (Arbeitnehmer) - Kanzlei f\u00fcr Arbeitsrecht Dr. Hernichel<\/title>\n<meta name=\"robots\" content=\"index, follow, max-snippet:-1, max-image-preview:large, max-video-preview:-1\" \/>\n<link rel=\"canonical\" href=\"http:\/\/arbeitsrecht-hernichel.com\/?page_id=11676\" \/>\n<meta property=\"og:locale\" content=\"de_DE\" \/>\n<meta property=\"og:type\" content=\"article\" \/>\n<meta property=\"og:title\" content=\"Service (Arbeitnehmer) - Kanzlei f\u00fcr Arbeitsrecht Dr. Hernichel\" \/>\n<meta property=\"og:url\" content=\"http:\/\/arbeitsrecht-hernichel.com\/?page_id=11676\" \/>\n<meta property=\"og:site_name\" content=\"Kanzlei f\u00fcr Arbeitsrecht Dr. Hernichel\" \/>\n<meta property=\"article:modified_time\" content=\"2017-11-30T17:18:12+00:00\" \/>\n<meta property=\"og:image\" content=\"http:\/\/arbeitsrecht-hernichel.com\/wp-content\/uploads\/2017\/11\/Bild-Mandantenbogen.jpg\" \/>\n<meta name=\"twitter:card\" content=\"summary_large_image\" \/>\n<meta name=\"twitter:label1\" content=\"Gesch\u00e4tzte Lesezeit\" \/>\n\t<meta name=\"twitter:data1\" content=\"4 Minuten\" \/>\n<script type=\"application\/ld+json\" class=\"yoast-schema-graph\">{\"@context\":\"https:\/\/schema.org\",\"@graph\":[{\"@type\":\"WebPage\",\"@id\":\"http:\/\/arbeitsrecht-hernichel.com\/?page_id=11676\",\"url\":\"http:\/\/arbeitsrecht-hernichel.com\/?page_id=11676\",\"name\":\"Service (Arbeitnehmer) - Kanzlei f\u00fcr Arbeitsrecht Dr. Hernichel\",\"isPartOf\":{\"@id\":\"http:\/\/arbeitsrecht-hernichel.com\/#website\"},\"datePublished\":\"2016-02-23T19:29:37+00:00\",\"dateModified\":\"2017-11-30T17:18:12+00:00\",\"breadcrumb\":{\"@id\":\"http:\/\/arbeitsrecht-hernichel.com\/?page_id=11676#breadcrumb\"},\"inLanguage\":\"de-DE\",\"potentialAction\":[{\"@type\":\"ReadAction\",\"target\":[\"http:\/\/arbeitsrecht-hernichel.com\/?page_id=11676\"]}]},{\"@type\":\"BreadcrumbList\",\"@id\":\"http:\/\/arbeitsrecht-hernichel.com\/?page_id=11676#breadcrumb\",\"itemListElement\":[{\"@type\":\"ListItem\",\"position\":1,\"name\":\"Startseite\",\"item\":\"http:\/\/arbeitsrecht-hernichel.com\/\"},{\"@type\":\"ListItem\",\"position\":2,\"name\":\"Service (Arbeitnehmer)\"}]},{\"@type\":\"WebSite\",\"@id\":\"http:\/\/arbeitsrecht-hernichel.com\/#website\",\"url\":\"http:\/\/arbeitsrecht-hernichel.com\/\",\"name\":\"Kanzlei f\u00fcr Arbeitsrecht Dr. Hernichel\",\"description\":\"Erfolg im Arbeitsrecht f\u00fcr Arbeitnehmer und Betriebsr\u00e4te!\",\"potentialAction\":[{\"@type\":\"SearchAction\",\"target\":{\"@type\":\"EntryPoint\",\"urlTemplate\":\"http:\/\/arbeitsrecht-hernichel.com\/?s={search_term_string}\"},\"query-input\":\"required name=search_term_string\"}],\"inLanguage\":\"de-DE\"}]}<\/script>\n<!-- \/ Yoast SEO plugin. -->","yoast_head_json":{"title":"Service (Arbeitnehmer) - Kanzlei f\u00fcr Arbeitsrecht Dr. Hernichel","robots":{"index":"index","follow":"follow","max-snippet":"max-snippet:-1","max-image-preview":"max-image-preview:large","max-video-preview":"max-video-preview:-1"},"canonical":"http:\/\/arbeitsrecht-hernichel.com\/?page_id=11676","og_locale":"de_DE","og_type":"article","og_title":"Service (Arbeitnehmer) - Kanzlei f\u00fcr Arbeitsrecht Dr. Hernichel","og_url":"http:\/\/arbeitsrecht-hernichel.com\/?page_id=11676","og_site_name":"Kanzlei f\u00fcr Arbeitsrecht Dr. Hernichel","article_modified_time":"2017-11-30T17:18:12+00:00","og_image":[{"url":"http:\/\/arbeitsrecht-hernichel.com\/wp-content\/uploads\/2017\/11\/Bild-Mandantenbogen.jpg"}],"twitter_card":"summary_large_image","twitter_misc":{"Gesch\u00e4tzte Lesezeit":"4 Minuten"},"schema":{"@context":"https:\/\/schema.org","@graph":[{"@type":"WebPage","@id":"http:\/\/arbeitsrecht-hernichel.com\/?page_id=11676","url":"http:\/\/arbeitsrecht-hernichel.com\/?page_id=11676","name":"Service (Arbeitnehmer) - Kanzlei f\u00fcr Arbeitsrecht Dr. Hernichel","isPartOf":{"@id":"http:\/\/arbeitsrecht-hernichel.com\/#website"},"datePublished":"2016-02-23T19:29:37+00:00","dateModified":"2017-11-30T17:18:12+00:00","breadcrumb":{"@id":"http:\/\/arbeitsrecht-hernichel.com\/?page_id=11676#breadcrumb"},"inLanguage":"de-DE","potentialAction":[{"@type":"ReadAction","target":["http:\/\/arbeitsrecht-hernichel.com\/?page_id=11676"]}]},{"@type":"BreadcrumbList","@id":"http:\/\/arbeitsrecht-hernichel.com\/?page_id=11676#breadcrumb","itemListElement":[{"@type":"ListItem","position":1,"name":"Startseite","item":"http:\/\/arbeitsrecht-hernichel.com\/"},{"@type":"ListItem","position":2,"name":"Service (Arbeitnehmer)"}]},{"@type":"WebSite","@id":"http:\/\/arbeitsrecht-hernichel.com\/#website","url":"http:\/\/arbeitsrecht-hernichel.com\/","name":"Kanzlei f\u00fcr Arbeitsrecht Dr. Hernichel","description":"Erfolg im Arbeitsrecht f\u00fcr Arbeitnehmer und Betriebsr\u00e4te!","potentialAction":[{"@type":"SearchAction","target":{"@type":"EntryPoint","urlTemplate":"http:\/\/arbeitsrecht-hernichel.com\/?s={search_term_string}"},"query-input":"required name=search_term_string"}],"inLanguage":"de-DE"}]}},"_links":{"self":[{"href":"http:\/\/arbeitsrecht-hernichel.com\/index.php?rest_route=\/wp\/v2\/pages\/11676"}],"collection":[{"href":"http:\/\/arbeitsrecht-hernichel.com\/index.php?rest_route=\/wp\/v2\/pages"}],"about":[{"href":"http:\/\/arbeitsrecht-hernichel.com\/index.php?rest_route=\/wp\/v2\/types\/page"}],"author":[{"embeddable":true,"href":"http:\/\/arbeitsrecht-hernichel.com\/index.php?rest_route=\/wp\/v2\/users\/1"}],"replies":[{"embeddable":true,"href":"http:\/\/arbeitsrecht-hernichel.com\/index.php?rest_route=%2Fwp%2Fv2%2Fcomments&post=11676"}],"version-history":[{"count":34,"href":"http:\/\/arbeitsrecht-hernichel.com\/index.php?rest_route=\/wp\/v2\/pages\/11676\/revisions"}],"predecessor-version":[{"id":12354,"href":"http:\/\/arbeitsrecht-hernichel.com\/index.php?rest_route=\/wp\/v2\/pages\/11676\/revisions\/12354"}],"wp:attachment":[{"href":"http:\/\/arbeitsrecht-hernichel.com\/index.php?rest_route=%2Fwp%2Fv2%2Fmedia&parent=11676"}],"curies":[{"name":"wp","href":"https:\/\/api.w.org\/{rel}","templated":true}]}}